{"id":747,"date":"2021-10-11T08:46:50","date_gmt":"2021-10-11T08:46:50","guid":{"rendered":"https:\/\/www.vakantiehuisjes-dekoog.nl\/cms\/?page_id=747"},"modified":"2022-05-11T05:36:38","modified_gmt":"2022-05-11T05:36:38","slug":"de-houtsnip","status":"publish","type":"page","link":"https:\/\/www.vakantiehuisjes-dekoog.nl\/de\/de-houtsnip\/","title":{"rendered":"De Houtsnip"},"content":{"rendered":"<style>@media only screen and (max-width: 1200px) {.gb-69f0d7212118e{font-size: 30px!important;line-height: 2!important;}}@media only screen and (max-width: 600px) {.gb-69f0d7212118e{font-size: 24px!important;line-height: 2!important;}}<\/style>\n<h1 class=\"gb-69f0d7212118e has-text-align-center has-central-palette-17-color has-text-color wp-block-heading\" style=\"font-size:40px;line-height:2\">De Houtsnip<\/h1>\n\n\n\n<hr class=\"wp-block-separator aligncenter has-text-color has-background has-central-palette-5-background-color has-central-palette-5-color is-style-wide\"\/>\n\n\n\n<figure class=\"wp-block-image alignwide size-large\"><img loading=\"lazy\" decoding=\"async\" width=\"1024\" height=\"680\" src=\"https:\/\/www.vakantiehuisjes-dekoog.nl\/wp-content\/uploads\/2022\/05\/Foto-Houtsnip-16-formaat-1024x680.jpg\" alt=\"De Houtsnip\" class=\"wp-image-1150\" srcset=\"https:\/\/www.vakantiehuisjes-dekoog.nl\/wp-content\/uploads\/2022\/05\/Foto-Houtsnip-16-formaat-1024x680.jpg 1024w, https:\/\/www.vakantiehuisjes-dekoog.nl\/wp-content\/uploads\/2022\/05\/Foto-Houtsnip-16-formaat-300x199.jpg 300w, https:\/\/www.vakantiehuisjes-dekoog.nl\/wp-content\/uploads\/2022\/05\/Foto-Houtsnip-16-formaat-768x510.jpg 768w, https:\/\/www.vakantiehuisjes-dekoog.nl\/wp-content\/uploads\/2022\/05\/Foto-Houtsnip-16-formaat-1536x1020.jpg 1536w, https:\/\/www.vakantiehuisjes-dekoog.nl\/wp-content\/uploads\/2022\/05\/Foto-Houtsnip-16-formaat-2048x1360.jpg 2048w\" sizes=\"auto, (max-width: 1024px) 100vw, 1024px\" \/><\/figure>\n\n\n\n<hr class=\"wp-block-separator aligncenter has-text-color has-background has-central-palette-5-background-color has-central-palette-5-color is-style-wide\"\/>\n\n\n\n<p><em>Neubau<\/em>: <em>Diese Unterkunft wurde 2022 fertiggestellt<\/em><\/p>\n\n\n\n<p>De Houtsnip ist ein komplett CO2-neutrales Ferienhaus mit W\u00e4rmepumpe und Sonnenkollektoren. Das romantische Doppelh\u00e4uschen befindet sich in einzigartiger Lage.<\/p>\n\n\n\n<p>De Houtsnip verf\u00fcgt \u00fcber ein ger\u00e4umiges <strong>Wohnzimmer<\/strong>, von dem Sie einen sch\u00f6nen Blick auf ein Naturschutzgebiet von Landschap Noord Holland haben.<\/p>\n\n\n\n<p>Die <strong>K\u00fcche<\/strong> ist mit allen modernen Bequemlichkeiten ausgestattet und im luxuri\u00f6sen <strong>Badezimmer<\/strong> k\u00f6nnen Sie eine wunderbare ebenerdige Dusche benutzen.<\/p>\n\n\n\n<p>Das <strong>Schlafzimmer<\/strong> verf\u00fcgt \u00fcber ein hochwertiges Kingsize-Boxspringbett mit Texeler-Bettdecken.<\/p>\n\n\n\n<p>Das Ferienhaus verf\u00fcgt \u00fcber eine sch\u00f6ne \u00fcberdachte <strong>Terrasse<\/strong> und Sie k\u00f6nnen den gro\u00dfen <strong>Garten mit Teich<\/strong> benutzen. Dieses nachhaltige Cottage ist eine Unterkunft nur f\u00fcr Erwachsene.<\/p>\n\n\n\n<figure class=\"wp-block-gallery alignfull has-nested-images columns-5 is-cropped wp-block-gallery-1 is-layout-flex wp-block-gallery-is-layout-flex\">\n<figure class=\"wp-block-image size-large\"><a href=\"https:\/\/www.vakantiehuisjes-dekoog.nl\/wp-content\/uploads\/2022\/05\/Foto-Houtsnip-13-scaled-e1652185034844.jpg\"><img decoding=\"async\" data-id=\"1146\" src=\"https:\/\/www.vakantiehuisjes-dekoog.nl\/wp-content\/uploads\/2022\/05\/Foto-Houtsnip-13-scaled-e1652185034844.jpg\" alt=\"De Houtsnip\" class=\"wp-image-1146\"\/><\/a><\/figure>\n\n\n\n<figure class=\"wp-block-image size-large\"><a href=\"https:\/\/www.vakantiehuisjes-dekoog.nl\/wp-content\/uploads\/2022\/05\/Foto-Houtsnip-6-scaled-e1652184920250.jpg\"><img decoding=\"async\" data-id=\"1132\" src=\"https:\/\/www.vakantiehuisjes-dekoog.nl\/wp-content\/uploads\/2022\/05\/Foto-Houtsnip-6-scaled-e1652184920250.jpg\" alt=\"De Houtsnip\" class=\"wp-image-1132\"\/><\/a><\/figure>\n\n\n\n<figure class=\"wp-block-image size-large\"><a href=\"https:\/\/www.vakantiehuisjes-dekoog.nl\/wp-content\/uploads\/2022\/05\/Foto-Houtsnip-9-scaled-e1652184972793.jpg\"><img decoding=\"async\" data-id=\"1138\" src=\"https:\/\/www.vakantiehuisjes-dekoog.nl\/wp-content\/uploads\/2022\/05\/Foto-Houtsnip-9-scaled-e1652184972793.jpg\" alt=\"De Houtsnip\" class=\"wp-image-1138\"\/><\/a><\/figure>\n\n\n\n<figure class=\"wp-block-image size-large\"><a href=\"https:\/\/www.vakantiehuisjes-dekoog.nl\/wp-content\/uploads\/2022\/05\/Foto-Houtsnip-12-scaled-e1652185018764.jpg\"><img decoding=\"async\" data-id=\"1144\" src=\"https:\/\/www.vakantiehuisjes-dekoog.nl\/wp-content\/uploads\/2022\/05\/Foto-Houtsnip-12-scaled-e1652185018764.jpg\" alt=\"De Houtsnip\" class=\"wp-image-1144\"\/><\/a><\/figure>\n\n\n\n<figure class=\"wp-block-image size-large\"><a href=\"https:\/\/www.vakantiehuisjes-dekoog.nl\/wp-content\/uploads\/2022\/05\/Foto-Houtsnip-14-scaled-e1652185051622.jpg\"><img decoding=\"async\" data-id=\"1148\" src=\"https:\/\/www.vakantiehuisjes-dekoog.nl\/wp-content\/uploads\/2022\/05\/Foto-Houtsnip-14-scaled-e1652185051622.jpg\" alt=\"De Houtsnip\" class=\"wp-image-1148\"\/><\/a><\/figure>\n\n\n\n<figure class=\"wp-block-image size-large\"><a href=\"https:\/\/www.vakantiehuisjes-dekoog.nl\/wp-content\/uploads\/2022\/05\/Foto-Houtsnip-4-scaled-e1652184881811.jpg\"><img decoding=\"async\" data-id=\"1128\" src=\"https:\/\/www.vakantiehuisjes-dekoog.nl\/wp-content\/uploads\/2022\/05\/Foto-Houtsnip-4-scaled-e1652184881811.jpg\" alt=\"De Houtsnip\" class=\"wp-image-1128\"\/><\/a><\/figure>\n\n\n\n<figure class=\"wp-block-image size-large\"><a href=\"https:\/\/www.vakantiehuisjes-dekoog.nl\/wp-content\/uploads\/2022\/05\/Foto-Houtsnip-10-scaled-e1652184990519.jpg\"><img decoding=\"async\" data-id=\"1140\" src=\"https:\/\/www.vakantiehuisjes-dekoog.nl\/wp-content\/uploads\/2022\/05\/Foto-Houtsnip-10-scaled-e1652184990519.jpg\" alt=\"De Houtsnip\" class=\"wp-image-1140\"\/><\/a><\/figure>\n\n\n\n<figure class=\"wp-block-image size-large\"><a href=\"https:\/\/www.vakantiehuisjes-dekoog.nl\/wp-content\/uploads\/2022\/05\/Foto-Houtsnip-5-scaled-e1652184902512.jpg\"><img decoding=\"async\" data-id=\"1130\" src=\"https:\/\/www.vakantiehuisjes-dekoog.nl\/wp-content\/uploads\/2022\/05\/Foto-Houtsnip-5-scaled-e1652184902512.jpg\" alt=\"De Houtsnip\" class=\"wp-image-1130\"\/><\/a><\/figure>\n\n\n\n<figure class=\"wp-block-image size-large\"><a href=\"https:\/\/www.vakantiehuisjes-dekoog.nl\/wp-content\/uploads\/2022\/05\/Foto-Houtsnip-11-scaled-e1652185004775.jpg\"><img decoding=\"async\" data-id=\"1142\" src=\"https:\/\/www.vakantiehuisjes-dekoog.nl\/wp-content\/uploads\/2022\/05\/Foto-Houtsnip-11-scaled-e1652185004775.jpg\" alt=\"De Houtsnip\" class=\"wp-image-1142\"\/><\/a><\/figure>\n\n\n\n<figure class=\"wp-block-image size-large\"><a href=\"https:\/\/www.vakantiehuisjes-dekoog.nl\/wp-content\/uploads\/2022\/05\/foto-Houtsnip-8-scaled-e1652184954648.jpg\"><img decoding=\"async\" data-id=\"1136\" src=\"https:\/\/www.vakantiehuisjes-dekoog.nl\/wp-content\/uploads\/2022\/05\/foto-Houtsnip-8-scaled-e1652184954648.jpg\" alt=\"De Houtsnip\" class=\"wp-image-1136\"\/><\/a><\/figure>\n\n\n\n<figure class=\"wp-block-image size-large\"><a href=\"https:\/\/www.vakantiehuisjes-dekoog.nl\/wp-content\/uploads\/2022\/05\/Foto-Houtsnip-2-scaled-e1652184859841.jpg\"><img decoding=\"async\" data-id=\"1126\" src=\"https:\/\/www.vakantiehuisjes-dekoog.nl\/wp-content\/uploads\/2022\/05\/Foto-Houtsnip-2-scaled-e1652184859841.jpg\" alt=\"De Houtsnip\" class=\"wp-image-1126\"\/><\/a><\/figure>\n\n\n\n<figure class=\"wp-block-image size-large\"><a href=\"https:\/\/www.vakantiehuisjes-dekoog.nl\/wp-content\/uploads\/2022\/05\/Foto-Houtsnip-7-scaled-e1652184936236.jpg\"><img decoding=\"async\" data-id=\"1134\" src=\"https:\/\/www.vakantiehuisjes-dekoog.nl\/wp-content\/uploads\/2022\/05\/Foto-Houtsnip-7-scaled-e1652184936236.jpg\" alt=\"De Houtsnip\" class=\"wp-image-1134\"\/><\/a><\/figure>\n\n\n\n<figure class=\"wp-block-image size-large\"><a href=\"https:\/\/www.vakantiehuisjes-dekoog.nl\/wp-content\/uploads\/2022\/05\/foto-Houtsnip-1-scaled-e1652184838804.jpg\"><img decoding=\"async\" data-id=\"1124\" src=\"https:\/\/www.vakantiehuisjes-dekoog.nl\/wp-content\/uploads\/2022\/05\/foto-Houtsnip-1-scaled-e1652184838804.jpg\" alt=\"De Houtsnip\" class=\"wp-image-1124\"\/><\/a><\/figure>\n<\/figure>\n\n\n\n<div style=\"color:#ddd\" class=\"wp-block-genesis-blocks-gb-spacer gb-block-spacer gb-divider-solid gb-divider-size-1\"><hr style=\"height:50px\"\/><\/div>\n\n\n\n<div class=\"wp-block-buttons alignwide is-horizontal is-content-justification-center is-layout-flex wp-container-core-buttons-is-layout-499968f5 wp-block-buttons-is-layout-flex\">\n<div class=\"wp-block-button has-custom-width wp-block-button__width-75 has-custom-font-size is-style-outline is-style-outline--2\" style=\"font-size:20px\"><a class=\"wp-block-button__link has-central-palette-17-color has-text-color\" href=\"https:\/\/www.vakantiehuisjes-dekoog.nl\/de\/verfuegbarkeit\/\">verf\u00fcgbarkeit<\/a><\/div>\n\n\n\n<div class=\"wp-block-button has-custom-width wp-block-button__width-75 has-custom-font-size\" style=\"font-size:20px\"><a class=\"wp-block-button__link has-central-palette-17-background-color has-background\" href=\"https:\/\/www.vakantiehuisjes-dekoog.nl\/de\/reservieren\/\">Reservierung anfragen<\/a><\/div>\n<\/div>\n\n\n\n<p><\/p>\n","protected":false},"excerpt":{"rendered":"<p>De Houtsnip Neubau: Diese Unterkunft wurde 2022 fertiggestellt De Houtsnip ist ein komplett CO2-neutrales Ferienhaus mit W\u00e4rmepumpe und Sonnenkollektoren. Das romantische Doppelh\u00e4uschen befindet sich in einzigartiger Lage. De Houtsnip verf\u00fcgt \u00fcber ein ger\u00e4umiges Wohnzimmer, von dem Sie einen sch\u00f6nen Blick auf ein Naturschutzgebiet von Landschap Noord Holland haben. Die K\u00fcche ist mit allen modernen Bequemlichkeiten [&hellip;]<\/p>\n","protected":false},"author":3,"featured_media":0,"parent":0,"menu_order":0,"comment_status":"closed","ping_status":"closed","template":"","meta":{"_seopress_robots_primary_cat":"","_seopress_titles_title":"","_seopress_titles_desc":"","_seopress_robots_index":"","_genesis_hide_title":true,"_genesis_hide_breadcrumbs":false,"_genesis_hide_singular_image":false,"_genesis_hide_footer_widgets":false,"_genesis_custom_body_class":"","_genesis_custom_post_class":"","_genesis_layout":"","_joinchat":[],"footnotes":""},"class_list":{"0":"post-747","1":"page","2":"type-page","3":"status-publish","5":"entry"},"featured_image_src":null,"featured_image_src_square":null,"_links":{"self":[{"href":"https:\/\/www.vakantiehuisjes-dekoog.nl\/de\/wp-json\/wp\/v2\/pages\/747","targetHints":{"allow":["GET"]}}],"collection":[{"href":"https:\/\/www.vakantiehuisjes-dekoog.nl\/de\/wp-json\/wp\/v2\/pages"}],"about":[{"href":"https:\/\/www.vakantiehuisjes-dekoog.nl\/de\/wp-json\/wp\/v2\/types\/page"}],"author":[{"embeddable":true,"href":"https:\/\/www.vakantiehuisjes-dekoog.nl\/de\/wp-json\/wp\/v2\/users\/3"}],"replies":[{"embeddable":true,"href":"https:\/\/www.vakantiehuisjes-dekoog.nl\/de\/wp-json\/wp\/v2\/comments?post=747"}],"version-history":[{"count":0,"href":"https:\/\/www.vakantiehuisjes-dekoog.nl\/de\/wp-json\/wp\/v2\/pages\/747\/revisions"}],"wp:attachment":[{"href":"https:\/\/www.vakantiehuisjes-dekoog.nl\/de\/wp-json\/wp\/v2\/media?parent=747"}],"curies":[{"name":"wp","href":"https:\/\/api.w.org\/{rel}","templated":true}]}}