{"id":757,"date":"2021-10-11T09:33:38","date_gmt":"2021-10-11T09:33:38","guid":{"rendered":"https:\/\/www.vakantiehuisjes-dekoog.nl\/cms\/?page_id=757"},"modified":"2022-02-16T09:03:19","modified_gmt":"2022-02-16T09:03:19","slug":"homepage","status":"publish","type":"page","link":"https:\/\/www.vakantiehuisjes-dekoog.nl\/de\/","title":{"rendered":"Home"},"content":{"rendered":"\n<div style=\"background-color:#000000;padding-left:8%;padding-right:8%;padding-bottom:30%;padding-top:30%\" class=\"wp-block-genesis-blocks-gb-container narrow-content light-text gb-block-container alignfull\"><div class=\"gb-container-inside\"><div class=\"gb-container-image-wrap\"><img decoding=\"async\" class=\"gb-container-image has-background-dim-80 has-background-dim\" src=\"https:\/\/www.vakantiehuisjes-dekoog.nl\/wp-content\/uploads\/2021\/09\/DuinenStrandTexel.jpg\" alt=\"\"\/><\/div><div class=\"gb-container-content\" style=\"max-width:1200px\">\n<div style=\"color:#ddd\" class=\"wp-block-genesis-blocks-gb-spacer gb-block-spacer gb-divider-solid gb-divider-size-1\"><hr style=\"height:100px\"\/><\/div>\n\n\n<style>@media only screen and (max-width: 1200px) {.gb-6a0331c42cf96{line-height: 1!important;font-size: 44px!important;}}@media only screen and (max-width: 600px) {.gb-6a0331c42cf96{line-height: 1!important;font-size: 30px!important;}}<\/style>\n<h1 class=\"gb-6a0331c42cf96 has-text-align-center bold-heading-text has-central-palette-6-color has-text-color wp-block-heading\" id=\"ferienhauser-de-koog\" style=\"line-height:1.5\">Ferienh\u00e4user De Koog<\/h1>\n\n\n\n<p class=\"has-text-align-center has-central-palette-6-color has-text-color\" style=\"font-size:20px;line-height:1.5\">Nahe zum Meer<br>Mit viel Ruhe und Privatsph\u00e4re<br>In der N\u00e4he von Wald und Heide<\/p>\n\n\n\n<div style=\"color:#ddd\" class=\"wp-block-genesis-blocks-gb-spacer gb-block-spacer gb-divider-solid gb-divider-size-1\"><hr style=\"height:200px\"\/><\/div>\n<\/div><\/div><\/div>\n\n\n\n<div style=\"background-color:#D0DBE3;padding-left:8%;padding-right:8%;padding-bottom:10%;padding-top:10%\" class=\"wp-block-genesis-blocks-gb-container gb-block-container alignfull\"><div class=\"gb-container-inside\"><div class=\"gb-container-content\" style=\"max-width:1200px\"><style>@media only screen and (max-width: 1200px) {.gb-6a0331c441e80{font-size: 30px!important;}}@media only screen and (max-width: 600px) {.gb-6a0331c441e80{font-size: 24px!important;}}<\/style>\n<h2 class=\"gb-6a0331c441e80 bold-text has-central-palette-17-color has-text-color wp-block-heading\" id=\"ferienhauser-mit-viel-privatsphare\">Ferienh\u00e4user mit viel Privatsph\u00e4re<\/h2>\n\n\n\n<p><em>Unterk\u00fcnfte nur f\u00fcr Erwachsene<\/em><\/p>\n\n\n\n<p>In der N\u00e4he von De Koog auf der Watteninsel Texel vermieten wir zwei sch\u00f6ne freistehende Ferienh\u00e4user mit viel Privatsph\u00e4re. Bei beiden H\u00e4usern k\u00f6nnen Sie die sch\u00f6ne Natur vom Wohnzimmer aus genie\u00dfen. Das Gel\u00e4nde rund um die H\u00e4user ist ein Gebiet der Landschaft Nordholland mit einer Reihe alter Seekiefern aus den 1930er Jahren, einer sch\u00f6nen Akazie und viel Erlen und Birken. Der Wald hat ein reiches Unterholz an Glockenblumen und Maigl\u00f6ckchen.<\/p>\n\n\n\n<div class=\"wp-block-columns has-2-columns is-layout-flex wp-container-core-columns-is-layout-9d6595d7 wp-block-columns-is-layout-flex\">\n<div class=\"wp-block-column is-layout-flow wp-block-column-is-layout-flow\"><style>.gb-6a0331c44f0dd{font-size: 26px;}@media only screen and (max-width: 1200px) {.gb-6a0331c44f0dd{font-size: 22px!important;}}@media only screen and (max-width: 600px) {.gb-6a0331c44f0dd{font-size: 20px!important;}}<\/style>\n<h4 class=\"gb-6a0331c44f0dd bold-text has-central-palette-17-color has-text-color has-larger-font-size wp-block-heading\" id=\"de-koperwiek\">De Koperwiek<\/h4>\n\n\n\n<figure class=\"wp-block-image size-full\"><a href=\"https:\/\/www.vakantiehuisjes-dekoog.nl\/de\/de-koperwiek\/\"><img decoding=\"async\" src=\"https:\/\/www.vakantiehuisjes-dekoog.nl\/wp-content\/uploads\/2021\/09\/Tuinhuis-Koperwiek2021-e1631535264947.jpg\" alt=\"Vakantiehuisje De Koperwiek\" class=\"wp-image-92\"\/><\/a><\/figure>\n\n\n\n<p class=\"has-central-palette-16-color has-text-color\" style=\"font-size:16px\">De Koperwiek ist ein Ferienhaus mit Wohnzimmer, von dem Sie einen Blick auf den Wald und die Heide der nordholl\u00e4ndischen Landschaft haben.<\/p>\n\n\n\n<div class=\"wp-block-buttons is-horizontal is-content-justification-left is-layout-flex wp-container-core-buttons-is-layout-7e5fce0a wp-block-buttons-is-layout-flex\">\n<div class=\"wp-block-button has-custom-font-size is-style-fill\" style=\"font-size:20px\"><a class=\"wp-block-button__link has-central-palette-9-color has-central-palette-17-background-color has-text-color has-background\" href=\"https:\/\/www.vakantiehuisjes-dekoog.nl\/de\/de-koperwiek\/\">mehr lesen<\/a><\/div>\n<\/div>\n<\/div>\n\n\n\n<div class=\"wp-block-column is-layout-flow wp-block-column-is-layout-flow\"><style>.gb-6a0331c464968{font-size: 26px;}@media only screen and (max-width: 1200px) {.gb-6a0331c464968{font-size: 22px!important;}}@media only screen and (max-width: 600px) {.gb-6a0331c464968{font-size: 20px!important;}}<\/style>\n<h4 class=\"gb-6a0331c464968 bold-text has-central-palette-17-color has-text-color has-larger-font-size wp-block-heading\" id=\"de-houtsnip\">De Houtsnip<\/h4>\n\n\n\n<figure class=\"wp-block-image size-full\"><a href=\"https:\/\/www.vakantiehuisjes-dekoog.nl\/de\/de-houtsnip\/\"><img loading=\"lazy\" decoding=\"async\" width=\"1024\" height=\"576\" src=\"https:\/\/www.vakantiehuisjes-dekoog.nl\/wp-content\/uploads\/2021\/09\/Houtsnip-1-1.jpg\" alt=\"\" class=\"wp-image-99\" srcset=\"https:\/\/www.vakantiehuisjes-dekoog.nl\/wp-content\/uploads\/2021\/09\/Houtsnip-1-1.jpg 1024w, https:\/\/www.vakantiehuisjes-dekoog.nl\/wp-content\/uploads\/2021\/09\/Houtsnip-1-1-300x169.jpg 300w, https:\/\/www.vakantiehuisjes-dekoog.nl\/wp-content\/uploads\/2021\/09\/Houtsnip-1-1-768x432.jpg 768w, https:\/\/www.vakantiehuisjes-dekoog.nl\/wp-content\/uploads\/2021\/09\/Houtsnip-1-1-600x338.jpg 600w\" sizes=\"auto, (max-width: 1024px) 100vw, 1024px\" \/><\/a><\/figure>\n\n\n\n<p class=\"has-central-palette-16-color has-text-color\" style=\"font-size:16px\">De Houtsnip ist ein CO2-neutrales romantisches Ferienhaus f\u00fcr zwei Personen in einzigartiger Lage. Buchbar ab M\u00e4rz 2022.<\/p>\n\n\n\n<div class=\"wp-block-buttons is-horizontal is-content-justification-left is-layout-flex wp-container-core-buttons-is-layout-7e5fce0a wp-block-buttons-is-layout-flex\">\n<div class=\"wp-block-button has-custom-font-size is-style-fill\" style=\"font-size:20px\"><a class=\"wp-block-button__link has-central-palette-9-color has-central-palette-17-background-color has-text-color has-background\" href=\"https:\/\/www.vakantiehuisjes-dekoog.nl\/de\/de-houtsnip\/\">mehr lesen<\/a><\/div>\n<\/div>\n<\/div>\n<\/div>\n<\/div><\/div><\/div>\n\n\n\n<div style=\"background-color:#000000;padding-left:8%;padding-right:8%;padding-bottom:15%;padding-top:15%\" class=\"wp-block-genesis-blocks-gb-container aligncenter light-text gb-block-container alignfull\"><div class=\"gb-container-inside\"><div class=\"gb-container-image-wrap\"><img decoding=\"async\" class=\"gb-container-image has-background-dim-70 has-background-dim\" src=\"https:\/\/www.vakantiehuisjes-dekoog.nl\/wp-content\/uploads\/2021\/09\/HeidegebiedTexel1800-1.jpg\" alt=\"\"\/><\/div><div class=\"gb-container-content\" style=\"max-width:1200px\">\n<div style=\"color:#ddd\" class=\"wp-block-genesis-blocks-gb-spacer gb-block-spacer gb-divider-solid gb-divider-size-1\"><hr style=\"height:50px\"\/><\/div>\n\n\n<style>@media only screen and (max-width: 1200px) {.gb-6a0331c46fe0d{font-size: 30px!important;line-height: 1!important;}}@media only screen and (max-width: 600px) {.gb-6a0331c46fe0d{font-size: 24px!important;line-height: 1.5!important;}}<\/style>\n<h2 class=\"gb-6a0331c46fe0d has-text-align-left bold-text has-central-palette-9-color has-text-color wp-block-heading\" id=\"in-der-nahe-von-wald-und-heide\" style=\"line-height:1\">In der N\u00e4he von Wald und Heide<\/h2>\n\n\n<style>@media only screen and (max-width: 600px) {.gb-6a0331c476b7c{line-height: 1.5!important;}}<\/style>\n<p class=\"gb-6a0331c476b7c\">Neben dem Wald befindet sich eine gro\u00dfe Fl\u00e4che mit Heidekraut und verschiedenen Stinzenpflanzen mit einem gro\u00dfen Reichtum an Schmetterlingen und anderen Insekten. Rund um die H\u00e4user kann man eine Vielzahl von V\u00f6geln beobachten. Bei der Bewirtschaftung des Standorts ist es das Ziel, eine gr\u00f6\u00dftm\u00f6gliche Biodiversit\u00e4t zu erreichen. Das kleine Naturschutzgebiet beherbergt viele Vogelarten und besondere B\u00e4ume und Pflanzen.<\/p>\n\n\n<style>.gb-6a0331c476d57{font-size: 26px;}@media only screen and (max-width: 1200px) {.gb-6a0331c476d57{font-size: 24px!important;}}@media only screen and (max-width: 600px) {.gb-6a0331c476d57{font-size: 20px!important;}}<\/style>\n<h4 class=\"gb-6a0331c476d57 bold-text has-central-palette-9-color has-text-color has-larger-font-size wp-block-heading\" id=\"zu-fuss-erreichbar\">Zu Fu\u00df erreichbar<\/h4>\n\n\n\n<p>Die D\u00fcnen, der Strand und das Zentrum von De Koog sind nur einen kurzen Spaziergang entfernt.<br>Ebenfalls zu Fu\u00df erreichbar sind die Naturschutzgebiete De Nederlanden und De Slufter, wundersch\u00f6ne Gebiete f\u00fcr jeden Naturliebhaber. Diese H\u00e4user sind nat\u00fcrlich ein guter Ausgangspunkt, um die Natur von Texel weiter zu erkunden (zB mit dem Fahrrad).<\/p>\n<\/div><\/div><\/div>\n\n\n\n<div style=\"color:#ddd\" class=\"wp-block-genesis-blocks-gb-spacer gb-block-spacer gb-divider-solid gb-divider-size-1\"><hr style=\"height:50px\"\/><\/div>\n\n\n\n<div class=\"wp-block-buttons alignwide is-horizontal is-content-justification-center is-layout-flex wp-container-core-buttons-is-layout-499968f5 wp-block-buttons-is-layout-flex\">\n<div class=\"wp-block-button has-custom-width wp-block-button__width-75 has-custom-font-size is-style-outline is-style-outline--1\" style=\"font-size:20px\"><a class=\"wp-block-button__link has-central-palette-17-color has-text-color\" href=\"https:\/\/www.vakantiehuisjes-dekoog.nl\/de\/verfuegbarkeit\/\">verf\u00fcgbarkeit<\/a><\/div>\n\n\n\n<div class=\"wp-block-button has-custom-width wp-block-button__width-75 has-custom-font-size\" style=\"font-size:20px\"><a class=\"wp-block-button__link has-central-palette-17-background-color has-background\" href=\"https:\/\/www.vakantiehuisjes-dekoog.nl\/de\/reservieren\/\">Reservierung anfragen<\/a><\/div>\n<\/div>\n\n\n\n<p><\/p>\n","protected":false},"excerpt":{"rendered":"","protected":false},"author":3,"featured_media":0,"parent":0,"menu_order":0,"comment_status":"closed","ping_status":"closed","template":"","meta":{"_seopress_robots_primary_cat":"","_seopress_titles_title":"","_seopress_titles_desc":"","_seopress_robots_index":"","_genesis_hide_title":true,"_genesis_hide_breadcrumbs":false,"_genesis_hide_singular_image":false,"_genesis_hide_footer_widgets":false,"_genesis_custom_body_class":"","_genesis_custom_post_class":"","_genesis_layout":"full-width-content","_joinchat":[],"footnotes":""},"class_list":{"0":"post-757","1":"page","2":"type-page","3":"status-publish","5":"entry"},"featured_image_src":null,"featured_image_src_square":null,"_links":{"self":[{"href":"https:\/\/www.vakantiehuisjes-dekoog.nl\/de\/wp-json\/wp\/v2\/pages\/757","targetHints":{"allow":["GET"]}}],"collection":[{"href":"https:\/\/www.vakantiehuisjes-dekoog.nl\/de\/wp-json\/wp\/v2\/pages"}],"about":[{"href":"https:\/\/www.vakantiehuisjes-dekoog.nl\/de\/wp-json\/wp\/v2\/types\/page"}],"author":[{"embeddable":true,"href":"https:\/\/www.vakantiehuisjes-dekoog.nl\/de\/wp-json\/wp\/v2\/users\/3"}],"replies":[{"embeddable":true,"href":"https:\/\/www.vakantiehuisjes-dekoog.nl\/de\/wp-json\/wp\/v2\/comments?post=757"}],"version-history":[{"count":0,"href":"https:\/\/www.vakantiehuisjes-dekoog.nl\/de\/wp-json\/wp\/v2\/pages\/757\/revisions"}],"wp:attachment":[{"href":"https:\/\/www.vakantiehuisjes-dekoog.nl\/de\/wp-json\/wp\/v2\/media?parent=757"}],"curies":[{"name":"wp","href":"https:\/\/api.w.org\/{rel}","templated":true}]}}