{"id":786,"date":"2021-10-11T10:23:25","date_gmt":"2021-10-11T10:23:25","guid":{"rendered":"https:\/\/www.vakantiehuisjes-dekoog.nl\/cms\/?page_id=786"},"modified":"2021-10-11T10:23:27","modified_gmt":"2021-10-11T10:23:27","slug":"de-koperwiek","status":"publish","type":"page","link":"https:\/\/www.vakantiehuisjes-dekoog.nl\/de\/de-koperwiek\/","title":{"rendered":"De Koperwiek"},"content":{"rendered":"<style>@media only screen and (max-width: 1200px) {.gb-69f0d6d757e9c{font-size: 30px!important;line-height: 2!important;}}@media only screen and (max-width: 600px) {.gb-69f0d6d757e9c{font-size: 24px!important;line-height: 2!important;}}<\/style>\n<h2 class=\"gb-69f0d6d757e9c alignwide has-text-align-center has-central-palette-17-color has-text-color wp-block-heading\" style=\"font-size:40px;line-height:2\">De Koperwiek<\/h2>\n\n\n\n<hr class=\"wp-block-separator aligncenter has-text-color has-background has-central-palette-5-background-color has-central-palette-5-color is-style-wide\"\/>\n\n\n\n<figure class=\"wp-block-image alignwide size-full\"><img loading=\"lazy\" decoding=\"async\" width=\"1200\" height=\"800\" src=\"https:\/\/www.vakantiehuisjes-dekoog.nl\/wp-content\/uploads\/2021\/09\/Koperwiek-hoofdfoto1200.jpg\" alt=\"Koperwiek hoofdfoto\" class=\"wp-image-297\" srcset=\"https:\/\/www.vakantiehuisjes-dekoog.nl\/wp-content\/uploads\/2021\/09\/Koperwiek-hoofdfoto1200.jpg 1200w, https:\/\/www.vakantiehuisjes-dekoog.nl\/wp-content\/uploads\/2021\/09\/Koperwiek-hoofdfoto1200-300x200.jpg 300w, https:\/\/www.vakantiehuisjes-dekoog.nl\/wp-content\/uploads\/2021\/09\/Koperwiek-hoofdfoto1200-1024x683.jpg 1024w, https:\/\/www.vakantiehuisjes-dekoog.nl\/wp-content\/uploads\/2021\/09\/Koperwiek-hoofdfoto1200-768x512.jpg 768w, https:\/\/www.vakantiehuisjes-dekoog.nl\/wp-content\/uploads\/2021\/09\/Koperwiek-hoofdfoto1200-600x400.jpg 600w\" sizes=\"auto, (max-width: 1200px) 100vw, 1200px\" \/><\/figure>\n\n\n\n<hr class=\"wp-block-separator aligncenter has-text-color has-background has-central-palette-5-background-color has-central-palette-5-color is-style-wide\"\/>\n\n\n\n<p>De Koperwiek ist ein Ferienhaus mit <strong>Wohnzimmer<\/strong>, von dem Sie einen Blick auf die W\u00e4lder und Wiesen der Landschaft Nordholland haben.<\/p>\n\n\n\n<p>Die <strong>K\u00fcche <\/strong>ist komplett ausgestattet mit Mikrowelle, Geschirrsp\u00fcler und Kaffeemaschine.<\/p>\n\n\n\n<p>Die beiden <strong>Schlafzimmer<\/strong> verf\u00fcgen \u00fcber sch\u00f6ne Boxspringbetten mit Texel-Bettdecken.<\/p>\n\n\n\n<p>Das <strong>Badezimmer<\/strong> mit WC und ebenerdiger Dusche und der sch\u00f6ne <strong>Garten mit Terrasse<\/strong> machen Ihren Urlaub komplett.<\/p>\n\n\n\n<p>Dieses k\u00fcrzlich <strong>renovierte<\/strong> Ferienhaus ist mit einer W\u00e4rmepumpe und Sonnenkollektoren ausgestattet.<\/p>\n\n\n\n<figure class=\"wp-block-gallery alignfull columns-5 is-cropped wp-block-gallery-1 is-layout-flex wp-block-gallery-is-layout-flex\"><ul class=\"blocks-gallery-grid\"><li class=\"blocks-gallery-item\"><figure><a href=\"https:\/\/www.vakantiehuisjes-dekoog.nl\/wp-content\/uploads\/2021\/09\/koperwiek-interieur01.jpg\"><img loading=\"lazy\" decoding=\"async\" width=\"1024\" height=\"683\" src=\"https:\/\/www.vakantiehuisjes-dekoog.nl\/wp-content\/uploads\/2021\/09\/koperwiek-interieur01.jpg\" alt=\"Vakantiehuisje De Koperwiek Interieur\" data-id=\"228\" data-full-url=\"https:\/\/www.vakantiehuisjes-dekoog.nl\/wp-content\/uploads\/2021\/09\/koperwiek-interieur01.jpg\" data-link=\"https:\/\/www.vakantiehuisjes-dekoog.nl\/cms\/koperwiek-interieur01\/\" class=\"wp-image-229\" srcset=\"https:\/\/www.vakantiehuisjes-dekoog.nl\/wp-content\/uploads\/2021\/09\/koperwiek-interieur01.jpg 1024w, https:\/\/www.vakantiehuisjes-dekoog.nl\/wp-content\/uploads\/2021\/09\/koperwiek-interieur01-300x200.jpg 300w, https:\/\/www.vakantiehuisjes-dekoog.nl\/wp-content\/uploads\/2021\/09\/koperwiek-interieur01-768x512.jpg 768w, https:\/\/www.vakantiehuisjes-dekoog.nl\/wp-content\/uploads\/2021\/09\/koperwiek-interieur01-600x400.jpg 600w\" sizes=\"auto, (max-width: 1024px) 100vw, 1024px\" \/><\/a><\/figure><\/li><li class=\"blocks-gallery-item\"><figure><a href=\"https:\/\/www.vakantiehuisjes-dekoog.nl\/wp-content\/uploads\/2021\/09\/koperwiek-interieur17.jpg\"><img loading=\"lazy\" decoding=\"async\" width=\"683\" height=\"1024\" src=\"https:\/\/www.vakantiehuisjes-dekoog.nl\/wp-content\/uploads\/2021\/09\/koperwiek-interieur17.jpg\" alt=\"Vakantiehuisje De Koperwiek Slaapkamer\" data-id=\"260\" data-full-url=\"https:\/\/www.vakantiehuisjes-dekoog.nl\/wp-content\/uploads\/2021\/09\/koperwiek-interieur17.jpg\" data-link=\"https:\/\/www.vakantiehuisjes-dekoog.nl\/cms\/koperwiek-interieur17\/\" class=\"wp-image-261\" srcset=\"https:\/\/www.vakantiehuisjes-dekoog.nl\/wp-content\/uploads\/2021\/09\/koperwiek-interieur17.jpg 683w, https:\/\/www.vakantiehuisjes-dekoog.nl\/wp-content\/uploads\/2021\/09\/koperwiek-interieur17-200x300.jpg 200w\" sizes=\"auto, (max-width: 683px) 100vw, 683px\" \/><\/a><\/figure><\/li><li class=\"blocks-gallery-item\"><figure><a href=\"https:\/\/www.vakantiehuisjes-dekoog.nl\/wp-content\/uploads\/2021\/09\/koperwiek-interieur03.jpg\"><img loading=\"lazy\" decoding=\"async\" width=\"1024\" height=\"683\" src=\"https:\/\/www.vakantiehuisjes-dekoog.nl\/wp-content\/uploads\/2021\/09\/koperwiek-interieur03.jpg\" alt=\"Vakantiehuisje De Koperwiek Interieur\" data-id=\"232\" data-full-url=\"https:\/\/www.vakantiehuisjes-dekoog.nl\/wp-content\/uploads\/2021\/09\/koperwiek-interieur03.jpg\" data-link=\"https:\/\/www.vakantiehuisjes-dekoog.nl\/cms\/koperwiek-interieur03\/\" class=\"wp-image-233\" srcset=\"https:\/\/www.vakantiehuisjes-dekoog.nl\/wp-content\/uploads\/2021\/09\/koperwiek-interieur03.jpg 1024w, https:\/\/www.vakantiehuisjes-dekoog.nl\/wp-content\/uploads\/2021\/09\/koperwiek-interieur03-300x200.jpg 300w, https:\/\/www.vakantiehuisjes-dekoog.nl\/wp-content\/uploads\/2021\/09\/koperwiek-interieur03-768x512.jpg 768w, https:\/\/www.vakantiehuisjes-dekoog.nl\/wp-content\/uploads\/2021\/09\/koperwiek-interieur03-600x400.jpg 600w\" sizes=\"auto, (max-width: 1024px) 100vw, 1024px\" \/><\/a><\/figure><\/li><li class=\"blocks-gallery-item\"><figure><a href=\"https:\/\/www.vakantiehuisjes-dekoog.nl\/wp-content\/uploads\/2021\/09\/koperwiek-interieur19.jpg\"><img loading=\"lazy\" decoding=\"async\" width=\"1024\" height=\"683\" src=\"https:\/\/www.vakantiehuisjes-dekoog.nl\/wp-content\/uploads\/2021\/09\/koperwiek-interieur19.jpg\" alt=\"Vakantiehuisje De Koperwiek Badkamer\" data-id=\"264\" data-full-url=\"https:\/\/www.vakantiehuisjes-dekoog.nl\/wp-content\/uploads\/2021\/09\/koperwiek-interieur19.jpg\" data-link=\"https:\/\/www.vakantiehuisjes-dekoog.nl\/cms\/koperwiek-interieur19\/\" class=\"wp-image-265\" srcset=\"https:\/\/www.vakantiehuisjes-dekoog.nl\/wp-content\/uploads\/2021\/09\/koperwiek-interieur19.jpg 1024w, https:\/\/www.vakantiehuisjes-dekoog.nl\/wp-content\/uploads\/2021\/09\/koperwiek-interieur19-300x200.jpg 300w, https:\/\/www.vakantiehuisjes-dekoog.nl\/wp-content\/uploads\/2021\/09\/koperwiek-interieur19-768x512.jpg 768w, https:\/\/www.vakantiehuisjes-dekoog.nl\/wp-content\/uploads\/2021\/09\/koperwiek-interieur19-600x400.jpg 600w\" sizes=\"auto, (max-width: 1024px) 100vw, 1024px\" \/><\/a><\/figure><\/li><li class=\"blocks-gallery-item\"><figure><a href=\"https:\/\/www.vakantiehuisjes-dekoog.nl\/wp-content\/uploads\/2021\/09\/koperwiek-interieur16.jpg\"><img loading=\"lazy\" decoding=\"async\" width=\"1024\" height=\"683\" src=\"https:\/\/www.vakantiehuisjes-dekoog.nl\/wp-content\/uploads\/2021\/09\/koperwiek-interieur16.jpg\" alt=\"Vakantiehuisje De Koperwiek Slaapkamer\" data-id=\"258\" data-full-url=\"https:\/\/www.vakantiehuisjes-dekoog.nl\/wp-content\/uploads\/2021\/09\/koperwiek-interieur16.jpg\" data-link=\"https:\/\/www.vakantiehuisjes-dekoog.nl\/cms\/koperwiek-interieur16\/\" class=\"wp-image-259\" srcset=\"https:\/\/www.vakantiehuisjes-dekoog.nl\/wp-content\/uploads\/2021\/09\/koperwiek-interieur16.jpg 1024w, https:\/\/www.vakantiehuisjes-dekoog.nl\/wp-content\/uploads\/2021\/09\/koperwiek-interieur16-300x200.jpg 300w, https:\/\/www.vakantiehuisjes-dekoog.nl\/wp-content\/uploads\/2021\/09\/koperwiek-interieur16-768x512.jpg 768w, https:\/\/www.vakantiehuisjes-dekoog.nl\/wp-content\/uploads\/2021\/09\/koperwiek-interieur16-600x400.jpg 600w\" sizes=\"auto, (max-width: 1024px) 100vw, 1024px\" \/><\/a><\/figure><\/li><li class=\"blocks-gallery-item\"><figure><a href=\"https:\/\/www.vakantiehuisjes-dekoog.nl\/wp-content\/uploads\/2021\/09\/koperwiek-interieur06.jpg\"><img loading=\"lazy\" decoding=\"async\" width=\"1024\" height=\"683\" src=\"https:\/\/www.vakantiehuisjes-dekoog.nl\/wp-content\/uploads\/2021\/09\/koperwiek-interieur06.jpg\" alt=\"Vakantiehuisje De Koperwiek Interieur\" data-id=\"238\" data-full-url=\"https:\/\/www.vakantiehuisjes-dekoog.nl\/wp-content\/uploads\/2021\/09\/koperwiek-interieur06.jpg\" data-link=\"https:\/\/www.vakantiehuisjes-dekoog.nl\/cms\/koperwiek-interieur06\/\" class=\"wp-image-239\" srcset=\"https:\/\/www.vakantiehuisjes-dekoog.nl\/wp-content\/uploads\/2021\/09\/koperwiek-interieur06.jpg 1024w, https:\/\/www.vakantiehuisjes-dekoog.nl\/wp-content\/uploads\/2021\/09\/koperwiek-interieur06-300x200.jpg 300w, https:\/\/www.vakantiehuisjes-dekoog.nl\/wp-content\/uploads\/2021\/09\/koperwiek-interieur06-768x512.jpg 768w, https:\/\/www.vakantiehuisjes-dekoog.nl\/wp-content\/uploads\/2021\/09\/koperwiek-interieur06-600x400.jpg 600w\" sizes=\"auto, (max-width: 1024px) 100vw, 1024px\" \/><\/a><\/figure><\/li><li class=\"blocks-gallery-item\"><figure><a href=\"https:\/\/www.vakantiehuisjes-dekoog.nl\/wp-content\/uploads\/2021\/09\/koperwiek-interieur15.jpg\"><img loading=\"lazy\" decoding=\"async\" width=\"683\" height=\"1024\" src=\"https:\/\/www.vakantiehuisjes-dekoog.nl\/wp-content\/uploads\/2021\/09\/koperwiek-interieur15.jpg\" alt=\"Vakantiehuisje De Koperwiek\" data-id=\"256\" data-full-url=\"https:\/\/www.vakantiehuisjes-dekoog.nl\/wp-content\/uploads\/2021\/09\/koperwiek-interieur15.jpg\" data-link=\"https:\/\/www.vakantiehuisjes-dekoog.nl\/cms\/koperwiek-interieur15\/\" class=\"wp-image-257\" srcset=\"https:\/\/www.vakantiehuisjes-dekoog.nl\/wp-content\/uploads\/2021\/09\/koperwiek-interieur15.jpg 683w, https:\/\/www.vakantiehuisjes-dekoog.nl\/wp-content\/uploads\/2021\/09\/koperwiek-interieur15-200x300.jpg 200w\" sizes=\"auto, (max-width: 683px) 100vw, 683px\" \/><\/a><\/figure><\/li><li class=\"blocks-gallery-item\"><figure><a href=\"https:\/\/www.vakantiehuisjes-dekoog.nl\/wp-content\/uploads\/2021\/09\/koperwiek-interieur13.jpg\"><img loading=\"lazy\" decoding=\"async\" width=\"1024\" height=\"683\" src=\"https:\/\/www.vakantiehuisjes-dekoog.nl\/wp-content\/uploads\/2021\/09\/koperwiek-interieur13.jpg\" alt=\"Vakantiehuisje De Koperwiek Slaapkamer\" data-id=\"252\" data-full-url=\"https:\/\/www.vakantiehuisjes-dekoog.nl\/wp-content\/uploads\/2021\/09\/koperwiek-interieur13.jpg\" data-link=\"https:\/\/www.vakantiehuisjes-dekoog.nl\/cms\/koperwiek-interieur13\/\" class=\"wp-image-253\" srcset=\"https:\/\/www.vakantiehuisjes-dekoog.nl\/wp-content\/uploads\/2021\/09\/koperwiek-interieur13.jpg 1024w, https:\/\/www.vakantiehuisjes-dekoog.nl\/wp-content\/uploads\/2021\/09\/koperwiek-interieur13-300x200.jpg 300w, https:\/\/www.vakantiehuisjes-dekoog.nl\/wp-content\/uploads\/2021\/09\/koperwiek-interieur13-768x512.jpg 768w, https:\/\/www.vakantiehuisjes-dekoog.nl\/wp-content\/uploads\/2021\/09\/koperwiek-interieur13-600x400.jpg 600w\" sizes=\"auto, (max-width: 1024px) 100vw, 1024px\" \/><\/a><\/figure><\/li><li class=\"blocks-gallery-item\"><figure><a href=\"https:\/\/www.vakantiehuisjes-dekoog.nl\/wp-content\/uploads\/2021\/09\/koperwiek-interieur21.jpg\"><img loading=\"lazy\" decoding=\"async\" width=\"683\" height=\"1024\" src=\"https:\/\/www.vakantiehuisjes-dekoog.nl\/wp-content\/uploads\/2021\/09\/koperwiek-interieur21.jpg\" alt=\"Vakantiehuisje De Koperwiek Badkamer\" data-id=\"268\" data-full-url=\"https:\/\/www.vakantiehuisjes-dekoog.nl\/wp-content\/uploads\/2021\/09\/koperwiek-interieur21.jpg\" data-link=\"https:\/\/www.vakantiehuisjes-dekoog.nl\/cms\/koperwiek-interieur21\/\" class=\"wp-image-269\" srcset=\"https:\/\/www.vakantiehuisjes-dekoog.nl\/wp-content\/uploads\/2021\/09\/koperwiek-interieur21.jpg 683w, https:\/\/www.vakantiehuisjes-dekoog.nl\/wp-content\/uploads\/2021\/09\/koperwiek-interieur21-200x300.jpg 200w\" sizes=\"auto, (max-width: 683px) 100vw, 683px\" \/><\/a><\/figure><\/li><li class=\"blocks-gallery-item\"><figure><a href=\"https:\/\/www.vakantiehuisjes-dekoog.nl\/wp-content\/uploads\/2021\/09\/koperwiek-interieur11.jpg\"><img loading=\"lazy\" decoding=\"async\" width=\"1024\" height=\"683\" src=\"https:\/\/www.vakantiehuisjes-dekoog.nl\/wp-content\/uploads\/2021\/09\/koperwiek-interieur11.jpg\" alt=\"Vakantiehuisje De Koperwiek Interieur\" data-id=\"248\" data-full-url=\"https:\/\/www.vakantiehuisjes-dekoog.nl\/wp-content\/uploads\/2021\/09\/koperwiek-interieur11.jpg\" data-link=\"https:\/\/www.vakantiehuisjes-dekoog.nl\/cms\/koperwiek-interieur11\/\" class=\"wp-image-249\" srcset=\"https:\/\/www.vakantiehuisjes-dekoog.nl\/wp-content\/uploads\/2021\/09\/koperwiek-interieur11.jpg 1024w, https:\/\/www.vakantiehuisjes-dekoog.nl\/wp-content\/uploads\/2021\/09\/koperwiek-interieur11-300x200.jpg 300w, https:\/\/www.vakantiehuisjes-dekoog.nl\/wp-content\/uploads\/2021\/09\/koperwiek-interieur11-768x512.jpg 768w, https:\/\/www.vakantiehuisjes-dekoog.nl\/wp-content\/uploads\/2021\/09\/koperwiek-interieur11-600x400.jpg 600w\" sizes=\"auto, (max-width: 1024px) 100vw, 1024px\" \/><\/a><\/figure><\/li><li class=\"blocks-gallery-item\"><figure><a href=\"https:\/\/www.vakantiehuisjes-dekoog.nl\/wp-content\/uploads\/2021\/09\/koperwiek-interieur18.jpg\"><img loading=\"lazy\" decoding=\"async\" width=\"1024\" height=\"683\" src=\"https:\/\/www.vakantiehuisjes-dekoog.nl\/wp-content\/uploads\/2021\/09\/koperwiek-interieur18.jpg\" alt=\"Vakantiehuisje De Koperwiek Badkamer\" data-id=\"262\" data-full-url=\"https:\/\/www.vakantiehuisjes-dekoog.nl\/wp-content\/uploads\/2021\/09\/koperwiek-interieur18.jpg\" data-link=\"https:\/\/www.vakantiehuisjes-dekoog.nl\/cms\/koperwiek-interieur18\/\" class=\"wp-image-263\" srcset=\"https:\/\/www.vakantiehuisjes-dekoog.nl\/wp-content\/uploads\/2021\/09\/koperwiek-interieur18.jpg 1024w, https:\/\/www.vakantiehuisjes-dekoog.nl\/wp-content\/uploads\/2021\/09\/koperwiek-interieur18-300x200.jpg 300w, https:\/\/www.vakantiehuisjes-dekoog.nl\/wp-content\/uploads\/2021\/09\/koperwiek-interieur18-768x512.jpg 768w, https:\/\/www.vakantiehuisjes-dekoog.nl\/wp-content\/uploads\/2021\/09\/koperwiek-interieur18-600x400.jpg 600w\" sizes=\"auto, (max-width: 1024px) 100vw, 1024px\" \/><\/a><\/figure><\/li><li class=\"blocks-gallery-item\"><figure><a href=\"https:\/\/www.vakantiehuisjes-dekoog.nl\/wp-content\/uploads\/2021\/09\/koperwiek-interieur12.jpg\"><img loading=\"lazy\" decoding=\"async\" width=\"1024\" height=\"683\" src=\"https:\/\/www.vakantiehuisjes-dekoog.nl\/wp-content\/uploads\/2021\/09\/koperwiek-interieur12.jpg\" alt=\"Vakantiehuisje De Koperwiek Slaapkamer\" data-id=\"250\" data-full-url=\"https:\/\/www.vakantiehuisjes-dekoog.nl\/wp-content\/uploads\/2021\/09\/koperwiek-interieur12.jpg\" data-link=\"https:\/\/www.vakantiehuisjes-dekoog.nl\/cms\/koperwiek-interieur12\/\" class=\"wp-image-251\" srcset=\"https:\/\/www.vakantiehuisjes-dekoog.nl\/wp-content\/uploads\/2021\/09\/koperwiek-interieur12.jpg 1024w, https:\/\/www.vakantiehuisjes-dekoog.nl\/wp-content\/uploads\/2021\/09\/koperwiek-interieur12-300x200.jpg 300w, https:\/\/www.vakantiehuisjes-dekoog.nl\/wp-content\/uploads\/2021\/09\/koperwiek-interieur12-768x512.jpg 768w, https:\/\/www.vakantiehuisjes-dekoog.nl\/wp-content\/uploads\/2021\/09\/koperwiek-interieur12-600x400.jpg 600w\" sizes=\"auto, (max-width: 1024px) 100vw, 1024px\" \/><\/a><\/figure><\/li><li class=\"blocks-gallery-item\"><figure><a href=\"https:\/\/www.vakantiehuisjes-dekoog.nl\/wp-content\/uploads\/2021\/09\/koperwiek-interieur10.jpg\"><img loading=\"lazy\" decoding=\"async\" width=\"683\" height=\"1024\" src=\"https:\/\/www.vakantiehuisjes-dekoog.nl\/wp-content\/uploads\/2021\/09\/koperwiek-interieur10.jpg\" alt=\"Vakantiehuisje De Koperwiek Interieur\" data-id=\"246\" data-full-url=\"https:\/\/www.vakantiehuisjes-dekoog.nl\/wp-content\/uploads\/2021\/09\/koperwiek-interieur10.jpg\" data-link=\"https:\/\/www.vakantiehuisjes-dekoog.nl\/cms\/koperwiek-interieur10\/\" class=\"wp-image-247\" srcset=\"https:\/\/www.vakantiehuisjes-dekoog.nl\/wp-content\/uploads\/2021\/09\/koperwiek-interieur10.jpg 683w, https:\/\/www.vakantiehuisjes-dekoog.nl\/wp-content\/uploads\/2021\/09\/koperwiek-interieur10-200x300.jpg 200w\" sizes=\"auto, (max-width: 683px) 100vw, 683px\" \/><\/a><\/figure><\/li><li class=\"blocks-gallery-item\"><figure><a href=\"https:\/\/www.vakantiehuisjes-dekoog.nl\/wp-content\/uploads\/2021\/09\/koperwiek-interieur08.jpg\"><img loading=\"lazy\" decoding=\"async\" width=\"1024\" height=\"683\" src=\"https:\/\/www.vakantiehuisjes-dekoog.nl\/wp-content\/uploads\/2021\/09\/koperwiek-interieur08.jpg\" alt=\"Vakantiehuisje De Koperwiek Keuken\" data-id=\"242\" data-full-url=\"https:\/\/www.vakantiehuisjes-dekoog.nl\/wp-content\/uploads\/2021\/09\/koperwiek-interieur08.jpg\" data-link=\"https:\/\/www.vakantiehuisjes-dekoog.nl\/cms\/koperwiek-interieur08\/\" class=\"wp-image-243\" srcset=\"https:\/\/www.vakantiehuisjes-dekoog.nl\/wp-content\/uploads\/2021\/09\/koperwiek-interieur08.jpg 1024w, https:\/\/www.vakantiehuisjes-dekoog.nl\/wp-content\/uploads\/2021\/09\/koperwiek-interieur08-300x200.jpg 300w, https:\/\/www.vakantiehuisjes-dekoog.nl\/wp-content\/uploads\/2021\/09\/koperwiek-interieur08-768x512.jpg 768w, https:\/\/www.vakantiehuisjes-dekoog.nl\/wp-content\/uploads\/2021\/09\/koperwiek-interieur08-600x400.jpg 600w\" sizes=\"auto, (max-width: 1024px) 100vw, 1024px\" \/><\/a><\/figure><\/li><li class=\"blocks-gallery-item\"><figure><a href=\"https:\/\/www.vakantiehuisjes-dekoog.nl\/wp-content\/uploads\/2021\/09\/koperwiek-interieur20.jpg\"><img loading=\"lazy\" decoding=\"async\" width=\"683\" height=\"1024\" src=\"https:\/\/www.vakantiehuisjes-dekoog.nl\/wp-content\/uploads\/2021\/09\/koperwiek-interieur20.jpg\" alt=\"Vakantiehuisje De Koperwiek Badkamer\" data-id=\"266\" data-full-url=\"https:\/\/www.vakantiehuisjes-dekoog.nl\/wp-content\/uploads\/2021\/09\/koperwiek-interieur20.jpg\" data-link=\"https:\/\/www.vakantiehuisjes-dekoog.nl\/cms\/koperwiek-interieur20\/\" class=\"wp-image-267\" srcset=\"https:\/\/www.vakantiehuisjes-dekoog.nl\/wp-content\/uploads\/2021\/09\/koperwiek-interieur20.jpg 683w, https:\/\/www.vakantiehuisjes-dekoog.nl\/wp-content\/uploads\/2021\/09\/koperwiek-interieur20-200x300.jpg 200w\" sizes=\"auto, (max-width: 683px) 100vw, 683px\" \/><\/a><\/figure><\/li><li class=\"blocks-gallery-item\"><figure><a href=\"https:\/\/www.vakantiehuisjes-dekoog.nl\/wp-content\/uploads\/2021\/09\/koperwiek-interieur05.jpg\"><img loading=\"lazy\" decoding=\"async\" width=\"1024\" height=\"683\" src=\"https:\/\/www.vakantiehuisjes-dekoog.nl\/wp-content\/uploads\/2021\/09\/koperwiek-interieur05.jpg\" alt=\"Vakantiehuisje De Koperwiek Interieur\" data-id=\"236\" data-full-url=\"https:\/\/www.vakantiehuisjes-dekoog.nl\/wp-content\/uploads\/2021\/09\/koperwiek-interieur05.jpg\" data-link=\"https:\/\/www.vakantiehuisjes-dekoog.nl\/cms\/koperwiek-interieur05\/\" class=\"wp-image-237\" srcset=\"https:\/\/www.vakantiehuisjes-dekoog.nl\/wp-content\/uploads\/2021\/09\/koperwiek-interieur05.jpg 1024w, https:\/\/www.vakantiehuisjes-dekoog.nl\/wp-content\/uploads\/2021\/09\/koperwiek-interieur05-300x200.jpg 300w, https:\/\/www.vakantiehuisjes-dekoog.nl\/wp-content\/uploads\/2021\/09\/koperwiek-interieur05-768x512.jpg 768w, https:\/\/www.vakantiehuisjes-dekoog.nl\/wp-content\/uploads\/2021\/09\/koperwiek-interieur05-600x400.jpg 600w\" sizes=\"auto, (max-width: 1024px) 100vw, 1024px\" \/><\/a><\/figure><\/li><li class=\"blocks-gallery-item\"><figure><a href=\"https:\/\/www.vakantiehuisjes-dekoog.nl\/wp-content\/uploads\/2021\/09\/koperwiek-interieur07.jpg\"><img loading=\"lazy\" decoding=\"async\" width=\"1024\" height=\"683\" src=\"https:\/\/www.vakantiehuisjes-dekoog.nl\/wp-content\/uploads\/2021\/09\/koperwiek-interieur07.jpg\" alt=\"Vakantiehuisje De Koperwiek Keuken\" data-id=\"240\" data-full-url=\"https:\/\/www.vakantiehuisjes-dekoog.nl\/wp-content\/uploads\/2021\/09\/koperwiek-interieur07.jpg\" data-link=\"https:\/\/www.vakantiehuisjes-dekoog.nl\/cms\/koperwiek-interieur07\/\" class=\"wp-image-241\" srcset=\"https:\/\/www.vakantiehuisjes-dekoog.nl\/wp-content\/uploads\/2021\/09\/koperwiek-interieur07.jpg 1024w, https:\/\/www.vakantiehuisjes-dekoog.nl\/wp-content\/uploads\/2021\/09\/koperwiek-interieur07-300x200.jpg 300w, https:\/\/www.vakantiehuisjes-dekoog.nl\/wp-content\/uploads\/2021\/09\/koperwiek-interieur07-768x512.jpg 768w, https:\/\/www.vakantiehuisjes-dekoog.nl\/wp-content\/uploads\/2021\/09\/koperwiek-interieur07-600x400.jpg 600w\" sizes=\"auto, (max-width: 1024px) 100vw, 1024px\" \/><\/a><\/figure><\/li><li class=\"blocks-gallery-item\"><figure><a href=\"https:\/\/www.vakantiehuisjes-dekoog.nl\/wp-content\/uploads\/2021\/09\/koperwiek-interieur04.jpg\"><img loading=\"lazy\" decoding=\"async\" width=\"1024\" height=\"683\" src=\"https:\/\/www.vakantiehuisjes-dekoog.nl\/wp-content\/uploads\/2021\/09\/koperwiek-interieur04.jpg\" alt=\"Vakantiehuisje De Koperwiek Interieur\" data-id=\"234\" data-full-url=\"https:\/\/www.vakantiehuisjes-dekoog.nl\/wp-content\/uploads\/2021\/09\/koperwiek-interieur04.jpg\" data-link=\"https:\/\/www.vakantiehuisjes-dekoog.nl\/cms\/koperwiek-interieur04\/\" class=\"wp-image-235\" srcset=\"https:\/\/www.vakantiehuisjes-dekoog.nl\/wp-content\/uploads\/2021\/09\/koperwiek-interieur04.jpg 1024w, https:\/\/www.vakantiehuisjes-dekoog.nl\/wp-content\/uploads\/2021\/09\/koperwiek-interieur04-300x200.jpg 300w, https:\/\/www.vakantiehuisjes-dekoog.nl\/wp-content\/uploads\/2021\/09\/koperwiek-interieur04-768x512.jpg 768w, https:\/\/www.vakantiehuisjes-dekoog.nl\/wp-content\/uploads\/2021\/09\/koperwiek-interieur04-600x400.jpg 600w\" sizes=\"auto, (max-width: 1024px) 100vw, 1024px\" \/><\/a><\/figure><\/li><\/ul><\/figure>\n\n\n\n<div style=\"color:#ddd\" class=\"wp-block-genesis-blocks-gb-spacer gb-block-spacer gb-divider-solid gb-divider-size-1\"><hr style=\"height:50px\"\/><\/div>\n\n\n\n<div class=\"wp-block-buttons alignwide is-horizontal is-content-justification-center is-layout-flex wp-container-core-buttons-is-layout-499968f5 wp-block-buttons-is-layout-flex\">\n<div class=\"wp-block-button has-custom-width wp-block-button__width-75 has-custom-font-size is-style-outline is-style-outline--2\" style=\"font-size:20px\"><a class=\"wp-block-button__link has-central-palette-17-color has-text-color\" href=\"https:\/\/www.vakantiehuisjes-dekoog.nl\/de\/verfuegbarkeit\/\">verf\u00fcgbarkeit<\/a><\/div>\n\n\n\n<div class=\"wp-block-button has-custom-width wp-block-button__width-75 has-custom-font-size\" style=\"font-size:20px\"><a class=\"wp-block-button__link has-central-palette-17-background-color has-background\" href=\"https:\/\/www.vakantiehuisjes-dekoog.nl\/de\/reservieren\/\">Reservierung anfragen<\/a><\/div>\n<\/div>\n\n\n\n<p><\/p>\n","protected":false},"excerpt":{"rendered":"<p>De Koperwiek De Koperwiek ist ein Ferienhaus mit Wohnzimmer, von dem Sie einen Blick auf die W\u00e4lder und Wiesen der Landschaft Nordholland haben. Die K\u00fcche ist komplett ausgestattet mit Mikrowelle, Geschirrsp\u00fcler und Kaffeemaschine. Die beiden Schlafzimmer verf\u00fcgen \u00fcber sch\u00f6ne Boxspringbetten mit Texel-Bettdecken. Das Badezimmer mit WC und ebenerdiger Dusche und der sch\u00f6ne Garten mit Terrasse [&hellip;]<\/p>\n","protected":false},"author":3,"featured_media":0,"parent":0,"menu_order":0,"comment_status":"closed","ping_status":"open","template":"","meta":{"_seopress_robots_primary_cat":"","_seopress_titles_title":"","_seopress_titles_desc":"","_seopress_robots_index":"","_genesis_hide_title":true,"_genesis_hide_breadcrumbs":false,"_genesis_hide_singular_image":false,"_genesis_hide_footer_widgets":false,"_genesis_custom_body_class":"","_genesis_custom_post_class":"","_genesis_layout":"","_joinchat":[],"footnotes":""},"class_list":{"0":"post-786","1":"page","2":"type-page","3":"status-publish","5":"entry"},"featured_image_src":null,"featured_image_src_square":null,"_links":{"self":[{"href":"https:\/\/www.vakantiehuisjes-dekoog.nl\/de\/wp-json\/wp\/v2\/pages\/786","targetHints":{"allow":["GET"]}}],"collection":[{"href":"https:\/\/www.vakantiehuisjes-dekoog.nl\/de\/wp-json\/wp\/v2\/pages"}],"about":[{"href":"https:\/\/www.vakantiehuisjes-dekoog.nl\/de\/wp-json\/wp\/v2\/types\/page"}],"author":[{"embeddable":true,"href":"https:\/\/www.vakantiehuisjes-dekoog.nl\/de\/wp-json\/wp\/v2\/users\/3"}],"replies":[{"embeddable":true,"href":"https:\/\/www.vakantiehuisjes-dekoog.nl\/de\/wp-json\/wp\/v2\/comments?post=786"}],"version-history":[{"count":0,"href":"https:\/\/www.vakantiehuisjes-dekoog.nl\/de\/wp-json\/wp\/v2\/pages\/786\/revisions"}],"wp:attachment":[{"href":"https:\/\/www.vakantiehuisjes-dekoog.nl\/de\/wp-json\/wp\/v2\/media?parent=786"}],"curies":[{"name":"wp","href":"https:\/\/api.w.org\/{rel}","templated":true}]}}