{"id":798,"date":"2021-10-11T10:36:10","date_gmt":"2021-10-11T10:36:10","guid":{"rendered":"https:\/\/www.vakantiehuisjes-dekoog.nl\/cms\/?page_id=798"},"modified":"2021-10-11T11:20:06","modified_gmt":"2021-10-11T11:20:06","slug":"gaestebuch","status":"publish","type":"page","link":"https:\/\/www.vakantiehuisjes-dekoog.nl\/de\/gaestebuch\/","title":{"rendered":"G\u00e4stebuch"},"content":{"rendered":"<style>@media only screen and (max-width: 1200px) {.gb-69f2901f5dd45{font-size: 30px!important;line-height: 2!important;}}@media only screen and (max-width: 600px) {.gb-69f2901f5dd45{font-size: 24px!important;line-height: 2!important;}}<\/style>\n<h2 class=\"gb-69f2901f5dd45 has-central-palette-17-color has-text-color wp-block-heading\" style=\"font-size:40px;line-height:2\">G\u00e4stebuch<\/h2>\n\n\n\n<hr class=\"wp-block-separator aligncenter has-text-color has-background has-central-palette-5-background-color has-central-palette-5-color is-style-wide\"\/>\n\n\n\n<p>Wir w\u00fcrden uns freuen, wenn Sie etwas in unser G\u00e4stebuch schreiben m\u00f6chten.<\/p>\n\n\n<div class=\"gwolle-gb\"><div class=\"gwolle_gb_messages_top_container\"><\/div>\n\t\t\t<div class=\"gwolle-gb-write-button\">\n\t\t\t\t<input type=\"button\" name=\"gwolle-gb-write-button\" class=\"button btn btn-default \" value=\"Neuen Eintrag schreiben\" \/>\n\t\t\t<\/div>\n\t\t\t<form action=\"#\" method=\"POST\" class=\"gwolle-gb-write gwolle-gb-hide gwolle-gb-float gwolle_gb_form_ajax gwolle-gb-form-ajax gwolle-gb-ajax gwolle-gb-not-logged-in\">\n\t\t\t\t<h3>Schrijf een nieuw bericht in ons Gastenboek<\/h3>\n\t\t\t\t<button type=\"button\" class=\"gb-notice-dismiss\">x<span class=\"screen-reader-text\">Dieses Formular ausblenden<\/span><\/button>\n\t\t\t\n\t\t\t\t<input type=\"hidden\" name=\"gwolle_gb_function\" class=\"gwolle_gb_function\" value=\"add_entry\" \/><input type=\"hidden\" name=\"gwolle_gb_book_id\" class=\"gwolle_gb_book_id\" value=\"1\" \/><div class=\"gwolle_gb_56ad46fed53997d5d0d175fb16c1804a\">\n\t\t\t\t<div class=\"label\"><label for=\"gwolle_gb_56ad46fed53997d5d0d175fb16c1804a-1\" class=\"text-info\">Name <span class=\"required\">*<\/span><\/label><\/div>\n\t\t\t\t<div class=\"input\"><input class=\"wp-exclude-emoji gwolle_gb_56ad46fed53997d5d0d175fb16c1804a\" value=\"\" type=\"text\" id=\"gwolle_gb_56ad46fed53997d5d0d175fb16c1804a-1\" name=\"gwolle_gb_56ad46fed53997d5d0d175fb16c1804a\" required \/><\/div>\n\t\t\t\t<div class=\"clearBoth\">&nbsp;<\/div>\n\t\t\t<\/div><div class=\"gwolle_gb_d775c95da09eb07937512348f07fa677\">\n\t\t\t\t<div class=\"label\"><label for=\"gwolle_gb_d775c95da09eb07937512348f07fa677-1\" class=\"text-info\">E-Mail <span class=\"required\">*<\/span><\/label><\/div>\n\t\t\t\t<div class=\"input\"><input class=\"gwolle_gb_d775c95da09eb07937512348f07fa677\" value=\"\" type=\"email\" id=\"gwolle_gb_d775c95da09eb07937512348f07fa677-1\" name=\"gwolle_gb_d775c95da09eb07937512348f07fa677\" required \/><\/div>\n\t\t\t\t<div class=\"clearBoth\">&nbsp;<\/div>\n\t\t\t<\/div>\n\t\t\t<div class=\"gwolle_gb_fa1f6ee2d05fb86a91ea1a1c6e244408\" style=\"display:none;overflow:hidden;\" hidden=\"true\" aria-hidden=\"true\">\n\t\t\t\t<div class=\"label\">\n\t\t\t\t\t<label for=\"gwolle_gb_fa1f6ee2d05fb86a91ea1a1c6e244408-1\" class=\"text-primary\">Hier nichts eingeben<\/label>\n\t\t\t\t\t<label for=\"gwolle_gb_9a2f11549a12b07a99f0e6991f67bc1a-1\" class=\"text-primary\">Hier nichts eingeben<\/label>\n\t\t\t\t<\/div>\n\t\t\t\t<div class=\"input\">\n\t\t\t\t\t<input value=\"97\" type=\"text\" id=\"gwolle_gb_fa1f6ee2d05fb86a91ea1a1c6e244408-1\" name=\"gwolle_gb_fa1f6ee2d05fb86a91ea1a1c6e244408\" class=\"gwolle_gb_fa1f6ee2d05fb86a91ea1a1c6e244408\" style=\"transform: translateY(10000px);\" \/>\n\t\t\t\t\t<input value=\"\" type=\"text\" name=\"gwolle_gb_9a2f11549a12b07a99f0e6991f67bc1a\" id=\"gwolle_gb_9a2f11549a12b07a99f0e6991f67bc1a-1\" class=\"gwolle_gb_9a2f11549a12b07a99f0e6991f67bc1a\" style=\"transform: translateY(10000px);\" \/>\n\t\t\t\t<\/div>\n\t\t\t\t<div class=\"clearBoth\"><\/div>\n\t\t\t<\/div>\n\t\t\t<div class=\"gwolle_gb_a02b83093bb12c8ea4b7b3377c2e8c0b\" style=\"display:none;overflow:hidden;\" hidden=\"true\" aria-hidden=\"true\">\n\t\t\t\t<div class=\"label\">\n\t\t\t\t\t<label for=\"gwolle_gb_a02b83093bb12c8ea4b7b3377c2e8c0b-1\" class=\"text-primary\">Hier nichts eingeben<\/label>\n\t\t\t\t\t<label for=\"gwolle_gb_06a03e3706fc7259bba38f974ccf46a9-1\" class=\"text-primary\">Hier nichts eingeben<\/label>\n\t\t\t\t<\/div>\n\t\t\t\t<div class=\"input\">\n\t\t\t\t\t<input value=\"77816\" type=\"text\" id=\"gwolle_gb_a02b83093bb12c8ea4b7b3377c2e8c0b-1\" name=\"gwolle_gb_a02b83093bb12c8ea4b7b3377c2e8c0b\" class=\"gwolle_gb_a02b83093bb12c8ea4b7b3377c2e8c0b\" style=\"transform: translateY(10000px);\" \/>\n\t\t\t\t\t<input value=\"77816\" type=\"text\"id=\"gwolle_gb_06a03e3706fc7259bba38f974ccf46a9-1\" name=\"gwolle_gb_06a03e3706fc7259bba38f974ccf46a9\" class=\"gwolle_gb_06a03e3706fc7259bba38f974ccf46a9\" style=\"transform: translateY(10000px);\" \/>\n\t\t\t\t<\/div>\n\t\t\t\t<div class=\"clearBoth\"><\/div>\n\t\t\t<\/div><div class=\"gwolle_gb_content\">\n\t\t\t\t<div class=\"label\"><label for=\"gwolle_gb_content-1\" class=\"text-info\">G\u00e4stebucheintrag <span class=\"required\">*<\/span><\/label><\/div>\n\t\t\t\t<div class=\"input\"><textarea id=\"gwolle_gb_content-1\" name=\"gwolle_gb_content\" class=\"gwolle_gb_content wp-exclude-emoji\" required ><\/textarea><\/div>\n\t\t\t\t\t<div class=\"clearBoth\">&nbsp;<\/div>\n\t\t\t\t<\/div><input type=\"hidden\" class=\"gwolle_gb_d8aa766f267a5a6d7be6226dce2b9c2c\" id=\"gwolle_gb_d8aa766f267a5a6d7be6226dce2b9c2c-1\" name=\"gwolle_gb_d8aa766f267a5a6d7be6226dce2b9c2c\" value=\"3717c3d1ba\" \/>\n\t\t\t<div class=\"gwolle_gb_messages_bottom_container\"><\/div>\n\n\t\t\t<noscript><div class=\"no-js\">Warnung: Dieses Formular kann nur verwendet werden, wenn in deinem Browser JavaScript aktiviert ist.<\/div><\/noscript>\n\n\t\t\t<div class=\"gwolle_gb_submit\">\n\t\t\t\t<div class=\"label gwolle-gb-invisible text-muted\">&nbsp;<\/div>\n\t\t\t\t<div class=\"input\">\n\t\t\t\t\t<input type=\"submit\" name=\"gwolle_gb_submit\" class=\"gwolle_gb_submit button btn btn-primary \" value=\"Absenden\" \/>\n\t\t\t\t\t<span class=\"gwolle_gb_submit_ajax_icon\"><\/span>\n\t\t\t\n\t\t\t\t<\/div>\n\t\t\t\t<div class=\"clearBoth\">&nbsp;<\/div>\n\t\t\t<\/div>\n\n\t\t\t<div class=\"gwolle_gb_notice\">\n\t\t\t\tVelden gemarkeerd met * zijn verplicht.<br \/>\r\nJe e-mailadres wordt niet gepubliceerd.<br \/>\r\nHet kan zijn dat je bericht pas zichtbaar wordt in het gastenboek nadat we het beoordeeld hebben.<br \/>\r\nWe behouden het recht voor berichten te wijzigen, te verwijderen of niet te publiceren.\n\t\t\t<\/div><\/form><div class=\"gwolle-gb-read gwolle-gb-ajax gwolle-gb-entries-list\" data-book_id=\"1\" data-page_id=\"1\">\n\t\t<div id=\"gwolle-gb-total\" class=\"gwolle-gb-total\">1 Eintrag<\/div><!-- Gwolle-GB Entry: Default Template Loaded -->\n\t\t\t\t<div class=\"gb-entry gb-entry_3 gb-entry-count_1 gwolle_gb_uneven gwolle-gb-uneven gwolle-gb-first\" id=\"gb-entry_3\" data-entry_id=\"3\">\n\t\t\t\t<article>\n\t\t\t\t\t<div class=\"gb-author-info\">\n\t\t\t\t\t\t<span class=\"gb-author-avatar\"><img referrerpolicy=\"no-referrer\" alt='Kitty B' src='https:\/\/secure.gravatar.com\/avatar\/87665acf1d02c8e2f4dcf6754f7d3d7d9b31673be8fe1dd5f8605e7229a9bb44?s=32&#038;d=mm&#038;r=g' srcset='https:\/\/secure.gravatar.com\/avatar\/87665acf1d02c8e2f4dcf6754f7d3d7d9b31673be8fe1dd5f8605e7229a9bb44?s=64&#038;d=mm&#038;r=g 2x' class='avatar avatar-32 photo' height='32' width='32' \/><\/span>\n\t\t\t\t\t\t<span class=\"gb-author-name\">Kitty B\n\t\t\t\t\t\t<\/span>\n\t\t\t\t\t\t<span class=\"gb-datetime\">\n\t\t\t\t\t\t\t<span class=\"gb-date\"><span class=\"gb-date-wrote-text\"> schrieb am<\/span><span class=\"gb-date-text\"> Oktober 7, 2021<\/span>\n\t\t\t\t\t\t\t<\/span>\n\t\t\t\t\t\t<\/span> \n\t\t\t\t\t<\/div>\n\t\t\t\t\t<div class=\"gb-entry-content\">wat een mooie vakantiehuisjes, ik zou er graag eens heengaan. Texel lijkt me fantastisch!\n\t\t\t\t\t<\/div>\n\t\t\t\t<\/article>\n\t\t\t<\/div>\n\t\t\t<\/div><\/div>\n","protected":false},"excerpt":{"rendered":"<p>G\u00e4stebuch Wir w\u00fcrden uns freuen, wenn Sie etwas in unser G\u00e4stebuch schreiben m\u00f6chten.<\/p>\n","protected":false},"author":3,"featured_media":0,"parent":0,"menu_order":0,"comment_status":"closed","ping_status":"closed","template":"","meta":{"_seopress_robots_primary_cat":"","_seopress_titles_title":"","_seopress_titles_desc":"","_seopress_robots_index":"","_genesis_hide_title":true,"_genesis_hide_breadcrumbs":false,"_genesis_hide_singular_image":false,"_genesis_hide_footer_widgets":false,"_genesis_custom_body_class":"","_genesis_custom_post_class":"","_genesis_layout":"","_joinchat":[],"footnotes":""},"class_list":{"0":"post-798","1":"page","2":"type-page","3":"status-publish","5":"entry"},"featured_image_src":null,"featured_image_src_square":null,"_links":{"self":[{"href":"https:\/\/www.vakantiehuisjes-dekoog.nl\/de\/wp-json\/wp\/v2\/pages\/798","targetHints":{"allow":["GET"]}}],"collection":[{"href":"https:\/\/www.vakantiehuisjes-dekoog.nl\/de\/wp-json\/wp\/v2\/pages"}],"about":[{"href":"https:\/\/www.vakantiehuisjes-dekoog.nl\/de\/wp-json\/wp\/v2\/types\/page"}],"author":[{"embeddable":true,"href":"https:\/\/www.vakantiehuisjes-dekoog.nl\/de\/wp-json\/wp\/v2\/users\/3"}],"replies":[{"embeddable":true,"href":"https:\/\/www.vakantiehuisjes-dekoog.nl\/de\/wp-json\/wp\/v2\/comments?post=798"}],"version-history":[{"count":0,"href":"https:\/\/www.vakantiehuisjes-dekoog.nl\/de\/wp-json\/wp\/v2\/pages\/798\/revisions"}],"wp:attachment":[{"href":"https:\/\/www.vakantiehuisjes-dekoog.nl\/de\/wp-json\/wp\/v2\/media?parent=798"}],"curies":[{"name":"wp","href":"https:\/\/api.w.org\/{rel}","templated":true}]}}