{"id":802,"date":"2021-10-11T11:14:02","date_gmt":"2021-10-11T11:14:02","guid":{"rendered":"https:\/\/www.vakantiehuisjes-dekoog.nl\/cms\/?page_id=802"},"modified":"2021-10-22T13:30:51","modified_gmt":"2021-10-22T13:30:51","slug":"kontakt","status":"publish","type":"page","link":"https:\/\/www.vakantiehuisjes-dekoog.nl\/de\/kontakt\/","title":{"rendered":"Kontakt"},"content":{"rendered":"<style>@media only screen and (max-width: 1200px) {.gb-69e0519c45417{font-size: 30px!important;line-height: 2!important;}}@media only screen and (max-width: 600px) {.gb-69e0519c45417{line-height: 2!important;font-size: 24px!important;}}<\/style>\n<h1 class=\"gb-69e0519c45417 has-text-align-left has-central-palette-17-color has-text-color wp-block-heading\" style=\"font-size:40px;line-height:2\">Kontakt<\/h1>\n\n\n\n<hr class=\"wp-block-separator aligncenter has-text-color has-background has-central-palette-5-background-color has-central-palette-5-color is-style-wide\"\/>\n\n\n\n<p>Ferienh\u00e4user De Koog<br>Gauke und Yvonne<br>Mienterglop 27<br>1796 MR De Koog Texel<br>Die Niederlande<br><a href=\"tel:0031612555021\">0031612555021<\/a><br><a href=\"mailto:mi***********@***il.com\" data-original-string=\"lZlRuxvoa5Hzg+Y6RS7+7g==e45RNdMuXYdJFmVcJcSfxOr6SxxutHAYb\/u1wtrVd+\/c\/g=\" title=\"Dieser Kontakt wurde von Anti-SPAM by Webjongens verschl\u00fcsselt. Klicken Sie hier, um ihn zu entschl\u00fcsseln. Um die Entschl\u00fcsselung abzuschlie\u00dfen, stellen Sie sicher, dass JavaScript in Ihrem Browser aktiviert ist.\"><span \n                data-original-string='N5kvjs3AkbhdEY6A+xRueQ==e45l4yddO\/Fm5wdGx7hj3md2sqA0PzzBGmAk4t7rhIyHUE='\n                class='apbct-email-encoder'\n                title='Dieser Kontakt wurde von Anti-SPAM by Webjongens verschl\u00fcsselt. Klicken Sie hier, um ihn zu entschl\u00fcsseln. Um die Entschl\u00fcsselung abzuschlie\u00dfen, stellen Sie sicher, dass JavaScript in Ihrem Browser aktiviert ist.'>mi<span class=\"apbct-blur\">***********<\/span>@<span class=\"apbct-blur\">***<\/span>il.com<\/span><\/a><\/p>\n\n\n\n<iframe src=\"https:\/\/www.google.com\/maps\/embed?pb=!1m18!1m12!1m3!1d153586.05442135115!2d4.704133121860124!3d53.02427993988292!2m3!1f0!2f0!3f0!3m2!1i1024!2i768!4f13.1!3m3!1m2!1s0x47cf3a99455e7f29%3A0x1b54a8a33d8bf6f2!2sVakantiehuisjes%20De%20Koog!5e0!3m2!1snl!2snl!4v1632129375682!5m2!1snl!2snl\" width=\"100%\" height=\"450\" style=\"border:0;\" allowfullscreen=\"\" loading=\"lazy\"><\/iframe>\n","protected":false},"excerpt":{"rendered":"<p>Kontakt Ferienh\u00e4user De KoogGauke und YvonneMienterglop 271796 MR De Koog TexelDie Niederlande0031612555021mi***********@***il.com<\/p>\n","protected":false},"author":3,"featured_media":0,"parent":0,"menu_order":0,"comment_status":"closed","ping_status":"closed","template":"","meta":{"_seopress_robots_primary_cat":"","_seopress_titles_title":"","_seopress_titles_desc":"","_seopress_robots_index":"","_genesis_hide_title":true,"_genesis_hide_breadcrumbs":false,"_genesis_hide_singular_image":false,"_genesis_hide_footer_widgets":false,"_genesis_custom_body_class":"","_genesis_custom_post_class":"","_genesis_layout":"","_joinchat":[],"footnotes":""},"class_list":{"0":"post-802","1":"page","2":"type-page","3":"status-publish","5":"entry"},"featured_image_src":null,"featured_image_src_square":null,"_links":{"self":[{"href":"https:\/\/www.vakantiehuisjes-dekoog.nl\/de\/wp-json\/wp\/v2\/pages\/802","targetHints":{"allow":["GET"]}}],"collection":[{"href":"https:\/\/www.vakantiehuisjes-dekoog.nl\/de\/wp-json\/wp\/v2\/pages"}],"about":[{"href":"https:\/\/www.vakantiehuisjes-dekoog.nl\/de\/wp-json\/wp\/v2\/types\/page"}],"author":[{"embeddable":true,"href":"https:\/\/www.vakantiehuisjes-dekoog.nl\/de\/wp-json\/wp\/v2\/users\/3"}],"replies":[{"embeddable":true,"href":"https:\/\/www.vakantiehuisjes-dekoog.nl\/de\/wp-json\/wp\/v2\/comments?post=802"}],"version-history":[{"count":0,"href":"https:\/\/www.vakantiehuisjes-dekoog.nl\/de\/wp-json\/wp\/v2\/pages\/802\/revisions"}],"wp:attachment":[{"href":"https:\/\/www.vakantiehuisjes-dekoog.nl\/de\/wp-json\/wp\/v2\/media?parent=802"}],"curies":[{"name":"wp","href":"https:\/\/api.w.org\/{rel}","templated":true}]}}